{"id":38728,"date":"2025-07-07T17:05:01","date_gmt":"2025-07-07T16:05:01","guid":{"rendered":"https:\/\/www2.eucentre.loc\/built-environment-data\/"},"modified":"2025-07-25T10:32:48","modified_gmt":"2025-07-25T09:32:48","slug":"built-environment-data","status":"publish","type":"page","link":"https:\/\/www.eucentre.it\/en\/built-environment-data\/","title":{"rendered":"Built Environment Data"},"content":{"rendered":"<section class=\"l-section wpb_row height_custom\"><div class=\"l-section-h i-cf\"><div class=\"g-cols vc_row via_grid cols_2-1 laptops-cols_inherit tablets-cols_inherit mobiles-cols_1 valign_top type_default stacking_default\"><div class=\"wpb_column vc_column_container\"><div class=\"vc_column-inner\"><div class=\"w-image align_center\"><a target=\"_blank\" href=\"https:\/\/builtenvdata.eu\/\" aria-label=\"Logo-BED\" class=\"w-image-h\"><img decoding=\"async\" src=\"https:\/\/www.eucentre.it\/wp-content\/uploads\/2025\/07\/Logo-BED-1.svg\" class=\"attachment-full size-full\" alt=\"\" loading=\"lazy\" \/><\/a><\/div><div class=\"vc_empty_space\"   style=\"height: 32px\"><span class=\"vc_empty_space_inner\"><\/span><\/div><div class=\"vc_empty_space\"   style=\"height: 32px\"><span class=\"vc_empty_space_inner\"><\/span><\/div><div class=\"wpb_text_column\"><div class=\"wpb_wrapper\"><p style=\"text-align: justify;\">BED (Built Environment Data) is a service that focuses on providing data, products, services and software (DDSS) related to buildings and urban infrastructure (i.e. the built environment) according to FAIR principles. The project currently consists of six services:<\/p>\n<p style=\"text-align: justify;\"><i><span style=\"font-weight: 400;\">Experiments<\/span><\/i><span style=\"font-weight: 400;\"> is a service maintained and developed by the University of Pavia in collaboration with the EUCENTRE Foundation, IUSS Pavia and with technical support from the Global Earthquake Model (GEM) Foundation to provide open access to experimental test data on the performance of buildings and infrastructure. This data has been generated by many experimental tests in Europe and can be used for the validation and calibration of numerical models required to assess the vulnerability of buildings and infrastructure. The web service offers a taxonomy-based search engine for seamless and efficient exploration of datasets. Users can not only access data through a user-friendly interface but also programmatically, ensuring flexibility in integration. Emphasising community collaboration, our platform welcomes open experimental data contributions, assigning each dataset a Creative Commons CC-BY licence with a Digital Object Identifier (DOI) for proper attribution and recognition.<\/span><\/p>\n<p style=\"text-align: justify;\"><span style=\"font-weight: 400;\">The <\/span><i><span style=\"font-weight: 400;\">RESSLab-hub<\/span><\/i><span style=\"font-weight: 400;\">, which was developed by the Resilient Steel Structures Laboratory (RESSLab) at \u00c9cole Polytechnique F\u00e9d\u00e9rale de Lausanne (EPFL), provides open-access structural performance databases along with state-of-the-art interative component modeling and fragility functions with the overarching goal to advance knowledge for minimizing the earthquake risk of steel structures. The available data can facilitate studies to benchmark the seismic performance of infrastructure systems, to develop standardized predictive models for maintenance and life-cycle assessment of our built environment and to further develop our codes and standards.<\/span><\/p>\n<p style=\"text-align: justify;\"><i><span style=\"font-weight: 400;\">URM Data<\/span><\/i><span style=\"font-weight: 400;\">, this database of shake table tests on full unreinforced masonry (URM) buildings has been curated by the Earthquake Engineering and Structural Dynamics (EESD) group at \u00c9cole Polytechnique F\u00e9d\u00e9rale de Lausanne (EPFL). This open-access, web-based interactive platform enables users to quickly identify and access shake table test data for brick and stone masonry structures. The data is systematically organized in a consistent and user-friendly format, facilitating efficient retrieval of specific information and test results. Additionally, the platform offers ready-to-use numerical models in OpenSees, supporting model validation and uncertainty quantification studies for the seismic assessment of URM buildings.<\/span><\/p>\n<p style=\"text-align: justify;\"><i><span style=\"font-weight: 400;\">Stone Masonary Data<\/span><\/i><span style=\"font-weight: 400;\">, this database of shear-compression tests on stone masonry walls has been curated by the Earthquake Engineering and Structural Dynamics (EESD) group at \u00c9cole Polytechnique F\u00e9d\u00e9rale de Lausanne (EPFL). This open-access, web-based interactive platform enables users to quickly identify and access test data for all stone masonry typologies. Material test data on mortar, stone and masonry is included in the database where available. Next to the test data, also stiffness, strength and drift capacities calculated from bilinearization of the experimental enveloped are provided. The database was established for the paper by Vanin et al. (2017) but new test results are added continuously.<\/span><\/p>\n<p style=\"text-align: justify;\"><span style=\"font-weight: 400;\">The <\/span><i><span style=\"font-weight: 400;\">SimDesign<\/span><\/i><span style=\"font-weight: 400;\"> service implements a collaborative framework to perform the simulated design of buildings following the past and current seismic design procedures in Europe. It utilises open-source software and data to allow the engineering community in Europe to contribute to the database of design codes already implemented. The framework generates a Building Class Information Model (BCIM) for a given taxonomy to represent several possible building realisations and reflect the building-to-building variability. Each realisation is processed with an iterative simulated design procedure, and the final building design details (e.g., reinforcement, dimensions of columns and beams) are stored in the Building Design Information Model (BDIM). Numerical models are created in OpenSees .tcl and .py. They can be used to perform non-linear analyses of the designed buildings and obtain probabilistic seismic demand models, which will ultimately support the development of fragility functions and vulnerability models for residential buildings in Europe.<\/span><\/p>\n<p style=\"text-align: justify;\"><i><span style=\"font-weight: 400;\">Embodied Carbon<\/span><\/i><span style=\"font-weight: 400;\"> is a service maintained and developed by the Global Earthquake Model (GEM) Foundation that provides access to data and maps of the embodied carbon associated with the seismic damage repair and replacement of residential, commercial and industrial buildings worldwide. This service can be used in various studies on the built environment, such as:<\/span><\/p>\n<ul>\n<li style=\"font-weight: 400; text-align: justify;\" aria-level=\"1\"><span style=\"font-weight: 400;\">\u00a0to provide benchmark data on the embodied carbon of different building typologies;<\/span><\/li>\n<li style=\"font-weight: 400; text-align: justify;\" aria-level=\"1\"><span style=\"font-weight: 400;\">\u00a0to assess the environmental impact of natural hazards on the built environment;<\/span><\/li>\n<li style=\"font-weight: 400; text-align: justify;\" aria-level=\"1\"><span style=\"font-weight: 400;\">\u00a0to assess the impact of different forecasts of urbanization on the global carbon budget.<\/span><\/li>\n<\/ul>\n<\/div><\/div><div class=\"vc_empty_space\"   style=\"height: 32px\"><span class=\"vc_empty_space_inner\"><\/span><\/div><\/div><\/div><div class=\"wpb_column vc_column_container\"><div class=\"vc_column-inner\"><div  class=\"vc_wp_custommenu wpb_content_element\"><div class=\"widget widget_nav_menu\"><h2 class=\"widgettitle\">OTHER PRODUCTS<\/h2><div class=\"menu-other-products-container\"><ul id=\"menu-other-products\" class=\"menu\"><li id=\"menu-item-39874\" class=\"menu-item menu-item-type-post_type menu-item-object-page menu-item-39874\"><a href=\"https:\/\/www.eucentre.it\/en\/advanced-seismic-assessment\/\">Advanced Seismic Assessment<\/a><\/li>\n<li id=\"menu-item-39746\" class=\"menu-item menu-item-type-post_type menu-item-object-page menu-item-39746\"><a href=\"https:\/\/www.eucentre.it\/en\/datalab-laboratory\/applications-and-calculation-tools\/\">Applications and calculation tools<\/a><\/li>\n<li id=\"menu-item-39696\" class=\"menu-item menu-item-type-post_type menu-item-object-page menu-item-39696\"><a href=\"https:\/\/www.eucentre.it\/en\/built-environment-data\/\">Built Environment Data<\/a><\/li>\n<li id=\"menu-item-39702\" class=\"menu-item menu-item-type-post_type menu-item-object-page menu-item-39702\"><a href=\"https:\/\/www.eucentre.it\/en\/civil-protection-exercises\/\">Civil Protection exercises<\/a><\/li>\n<li id=\"menu-item-39708\" class=\"menu-item menu-item-type-post_type menu-item-object-page menu-item-39708\"><a href=\"https:\/\/www.eucentre.it\/en\/civil-protection-planning\/\">Civil Protection planning<\/a><\/li>\n<li id=\"menu-item-39934\" class=\"menu-item menu-item-type-post_type menu-item-object-page menu-item-39934\"><a href=\"https:\/\/www.eucentre.it\/en\/consulting\/\">Consulting<\/a><\/li>\n<li id=\"menu-item-39697\" class=\"menu-item menu-item-type-post_type menu-item-object-page menu-item-39697\"><a href=\"https:\/\/www.eucentre.it\/en\/database-di-danno-osservato\/\">Database di Danno Osservato<\/a><\/li>\n<li id=\"menu-item-39689\" class=\"menu-item menu-item-type-post_type menu-item-object-page menu-item-39689\"><a href=\"https:\/\/www.eucentre.it\/en\/definition-of-seismic-input-for-structures-and-installations\/\">Definition of seismic input for structures and installations<\/a><\/li>\n<li id=\"menu-item-39700\" class=\"menu-item menu-item-type-post_type menu-item-object-page menu-item-39700\"><a href=\"https:\/\/www.eucentre.it\/en\/designa\/\">Designa<\/a><\/li>\n<li id=\"menu-item-39687\" class=\"menu-item menu-item-type-post_type menu-item-object-page menu-item-39687\"><a href=\"https:\/\/www.eucentre.it\/en\/drone-surveys\/\">Drone surveys<\/a><\/li>\n<li id=\"menu-item-39682\" class=\"menu-item menu-item-type-post_type menu-item-object-page menu-item-39682\"><a href=\"https:\/\/www.eucentre.it\/en\/early-warning-system\/\">Early-warning system<\/a><\/li>\n<li id=\"menu-item-39685\" class=\"menu-item menu-item-type-post_type menu-item-object-page menu-item-39685\"><a href=\"https:\/\/www.eucentre.it\/en\/experimental-tools-for-earthquake-engineering\/\">Experimental tools for earthquake engineering<\/a><\/li>\n<li id=\"menu-item-39678\" class=\"menu-item menu-item-type-post_type menu-item-object-page menu-item-39678\"><a href=\"https:\/\/www.eucentre.it\/en\/geotechnical-ground-characterisation\/\">Geotechnical ground characterisation<\/a><\/li>\n<li id=\"menu-item-39704\" class=\"menu-item menu-item-type-post_type menu-item-object-page menu-item-39704\"><a href=\"https:\/\/www.eucentre.it\/en\/gestione-informatica-pratiche-edilizie\/\">Gestione Informatica Pratiche Edilizie<\/a><\/li>\n<li id=\"menu-item-39677\" class=\"menu-item menu-item-type-post_type menu-item-object-page menu-item-39677\"><a href=\"https:\/\/www.eucentre.it\/en\/image-database-for-earthquake-damage-annotation\/\">Image Database for Earthquake Damage Annotation<\/a><\/li>\n<li id=\"menu-item-39683\" class=\"menu-item menu-item-type-post_type menu-item-object-page menu-item-39683\"><a href=\"https:\/\/www.eucentre.it\/en\/qualification-tests-on-structural-bearings-and-anti-seismic-devices\/\">Qualification tests on structural bearings and anti-seismic devices<\/a><\/li>\n<li id=\"menu-item-39706\" class=\"menu-item menu-item-type-post_type menu-item-object-page menu-item-39706\"><a href=\"https:\/\/www.eucentre.it\/en\/post-earthquake-assessment-module\/\">Post-EarthQuake Assessment Module<\/a><\/li>\n<li id=\"menu-item-39680\" class=\"menu-item menu-item-type-post_type menu-item-object-page menu-item-39680\"><a href=\"https:\/\/www.eucentre.it\/en\/risk-assessment-associated-with-liquefaction\/\">Risk assessment associated with liquefaction<\/a><\/li>\n<li id=\"menu-item-39684\" class=\"menu-item menu-item-type-post_type menu-item-object-page menu-item-39684\"><a href=\"https:\/\/www.eucentre.it\/en\/seismic-qualification-of-non-structural-elements\/\">Seismic qualification of non-structural elements<\/a><\/li>\n<li id=\"menu-item-39716\" class=\"menu-item menu-item-type-post_type menu-item-object-page menu-item-39716\"><a href=\"https:\/\/www.eucentre.it\/en\/seismic-hazard-assessment\/\">Seismic hazard assessment<\/a><\/li>\n<li id=\"menu-item-39714\" class=\"menu-item menu-item-type-post_type menu-item-object-page menu-item-39714\"><a href=\"https:\/\/www.eucentre.it\/en\/slopes-stability-assessment\/\">Slopes stability assessment<\/a><\/li>\n<li id=\"menu-item-39715\" class=\"menu-item menu-item-type-post_type menu-item-object-page menu-item-39715\"><a href=\"https:\/\/www.eucentre.it\/en\/seismic-vulnerability-assessment\/\">Seismic vulnerability assessment<\/a><\/li>\n<li id=\"menu-item-39711\" class=\"menu-item menu-item-type-post_type menu-item-object-page menu-item-39711\"><a href=\"https:\/\/www.eucentre.it\/en\/sicuro\/\">Sicuro+<\/a><\/li>\n<li id=\"menu-item-39707\" class=\"menu-item menu-item-type-post_type menu-item-object-page menu-item-39707\"><a href=\"https:\/\/www.eucentre.it\/en\/structural-monitoring\/\">Structural monitoring<\/a><\/li>\n<li id=\"menu-item-42895\" class=\"menu-item menu-item-type-post_type menu-item-object-page menu-item-42895\"><a href=\"https:\/\/www.eucentre.it\/en\/surveying-and-bim-modelling-of-bridges-bim\/\">Surveying and BIM modelling of bridges (BIM)<\/a><\/li>\n<li id=\"menu-item-39748\" class=\"menu-item menu-item-type-post_type menu-item-object-page menu-item-39748\"><a href=\"https:\/\/www.eucentre.it\/en\/webgis-platforms-and-damage-scenarios\/\">WebGIS platforms and damage scenarios<\/a><\/li>\n<\/ul><\/div><\/div><\/div><\/div><\/div><\/div><\/div><\/section>\n","protected":false},"excerpt":{"rendered":"BED (Built Environment Data) is a service that focuses on providing data, products, services and software (DDSS) related to buildings and urban infrastructure (i.e. the built environment) according to FAIR principles. The project currently consists of six services: Experiments is a service maintained and developed by the University of Pavia in collaboration with the EUCENTRE...","protected":false},"author":21,"featured_media":0,"parent":0,"menu_order":0,"comment_status":"closed","ping_status":"closed","template":"","meta":{"inline_featured_image":false,"_uf_show_specific_survey":0,"_uf_disable_surveys":false,"footnotes":""},"class_list":["post-38728","page","type-page","status-publish","hentry"],"yoast_head":"<!-- This site is optimized with the Yoast SEO plugin v27.6 - https:\/\/yoast.com\/product\/yoast-seo-wordpress\/ -->\n<title>Built Environment Data | Eucentre<\/title>\n<meta name=\"description\" content=\"BED is a digital platform designed for collecting, organising and analysing structured data on Italy&#039;s buildings.\" \/>\n<meta name=\"robots\" content=\"index, follow, max-snippet:-1, max-image-preview:large, max-video-preview:-1\" \/>\n<link rel=\"canonical\" href=\"https:\/\/www.eucentre.it\/en\/built-environment-data\/\" \/>\n<meta property=\"og:locale\" content=\"en_US\" \/>\n<meta property=\"og:type\" content=\"article\" \/>\n<meta property=\"og:title\" content=\"Built Environment Data | Eucentre\" \/>\n<meta property=\"og:description\" content=\"BED is a digital platform designed for collecting, organising and analysing structured data on Italy&#039;s buildings.\" \/>\n<meta property=\"og:url\" content=\"https:\/\/www.eucentre.it\/en\/built-environment-data\/\" \/>\n<meta property=\"og:site_name\" content=\"Fondazione Eucentre | European Centre For Training And Research in Earthquake Engineering | Pavia, Italy\" \/>\n<meta property=\"article:publisher\" content=\"https:\/\/www.facebook.com\/FondazioneEucentre\" \/>\n<meta property=\"article:modified_time\" content=\"2025-07-25T09:32:48+00:00\" \/>\n<meta name=\"twitter:card\" content=\"summary_large_image\" \/>\n<meta name=\"twitter:site\" content=\"@eucentre\" \/>\n<meta name=\"twitter:label1\" content=\"Est. reading time\" \/>\n\t<meta name=\"twitter:data1\" content=\"2 minutes\" \/>\n<script type=\"application\/ld+json\" class=\"yoast-schema-graph\">{\"@context\":\"https:\\\/\\\/schema.org\",\"@graph\":[{\"@type\":\"WebPage\",\"@id\":\"https:\\\/\\\/www.eucentre.it\\\/en\\\/built-environment-data\\\/\",\"url\":\"https:\\\/\\\/www.eucentre.it\\\/en\\\/built-environment-data\\\/\",\"name\":\"Built Environment Data | Eucentre\",\"isPartOf\":{\"@id\":\"https:\\\/\\\/www.eucentre.it\\\/#website\"},\"datePublished\":\"2025-07-07T16:05:01+00:00\",\"dateModified\":\"2025-07-25T09:32:48+00:00\",\"description\":\"BED is a digital platform designed for collecting, organising and analysing structured data on Italy's buildings.\",\"breadcrumb\":{\"@id\":\"https:\\\/\\\/www.eucentre.it\\\/en\\\/built-environment-data\\\/#breadcrumb\"},\"inLanguage\":\"en-US\",\"potentialAction\":[{\"@type\":\"ReadAction\",\"target\":[\"https:\\\/\\\/www.eucentre.it\\\/en\\\/built-environment-data\\\/\"]}]},{\"@type\":\"BreadcrumbList\",\"@id\":\"https:\\\/\\\/www.eucentre.it\\\/en\\\/built-environment-data\\\/#breadcrumb\",\"itemListElement\":[{\"@type\":\"ListItem\",\"position\":1,\"name\":\"Home\",\"item\":\"https:\\\/\\\/www.eucentre.it\\\/en\\\/\"},{\"@type\":\"ListItem\",\"position\":2,\"name\":\"Built Environment Data\"}]},{\"@type\":\"WebSite\",\"@id\":\"https:\\\/\\\/www.eucentre.it\\\/#website\",\"url\":\"https:\\\/\\\/www.eucentre.it\\\/\",\"name\":\"Fondazione Eucentre | European Centre For Training And Research in Earthquake Engineering | Pavia, Italy\",\"description\":\"Fondazione di diritto privato senza scopo di lucro che persegue una missione di ricerca, formazione e erogazione di servizi nel settore dell\u2019ingegneria sismica\",\"publisher\":{\"@id\":\"https:\\\/\\\/www.eucentre.it\\\/#organization\"},\"alternateName\":\"Fondazione Eucentre\",\"potentialAction\":[{\"@type\":\"SearchAction\",\"target\":{\"@type\":\"EntryPoint\",\"urlTemplate\":\"https:\\\/\\\/www.eucentre.it\\\/?s={search_term_string}\"},\"query-input\":{\"@type\":\"PropertyValueSpecification\",\"valueRequired\":true,\"valueName\":\"search_term_string\"}}],\"inLanguage\":\"en-US\"},{\"@type\":\"Organization\",\"@id\":\"https:\\\/\\\/www.eucentre.it\\\/#organization\",\"name\":\"Fondazione Eucentre | European Centre For Training And Research in Earthquake Engineering | Pavia, Italy\",\"alternateName\":\"Fondazione Eucentre\",\"url\":\"https:\\\/\\\/www.eucentre.it\\\/\",\"logo\":{\"@type\":\"ImageObject\",\"inLanguage\":\"en-US\",\"@id\":\"https:\\\/\\\/www.eucentre.it\\\/#\\\/schema\\\/logo\\\/image\\\/\",\"url\":\"https:\\\/\\\/www.eucentre.it\\\/wp-content\\\/uploads\\\/2024\\\/10\\\/Logo-Eucentre-Cube_Def.jpg\",\"contentUrl\":\"https:\\\/\\\/www.eucentre.it\\\/wp-content\\\/uploads\\\/2024\\\/10\\\/Logo-Eucentre-Cube_Def.jpg\",\"width\":646,\"height\":681,\"caption\":\"Fondazione Eucentre | European Centre For Training And Research in Earthquake Engineering | Pavia, Italy\"},\"image\":{\"@id\":\"https:\\\/\\\/www.eucentre.it\\\/#\\\/schema\\\/logo\\\/image\\\/\"},\"sameAs\":[\"https:\\\/\\\/www.facebook.com\\\/FondazioneEucentre\",\"https:\\\/\\\/x.com\\\/eucentre\",\"https:\\\/\\\/www.linkedin.com\\\/company\\\/eucentre\\\/?viewAsMember=true\",\"https:\\\/\\\/www.instagram.com\\\/fondazioneeucentre\\\/\"]}]}<\/script>\n<!-- \/ Yoast SEO plugin. -->","yoast_head_json":{"title":"Built Environment Data | Eucentre","description":"BED is a digital platform designed for collecting, organising and analysing structured data on Italy's buildings.","robots":{"index":"index","follow":"follow","max-snippet":"max-snippet:-1","max-image-preview":"max-image-preview:large","max-video-preview":"max-video-preview:-1"},"canonical":"https:\/\/www.eucentre.it\/en\/built-environment-data\/","og_locale":"en_US","og_type":"article","og_title":"Built Environment Data | Eucentre","og_description":"BED is a digital platform designed for collecting, organising and analysing structured data on Italy's buildings.","og_url":"https:\/\/www.eucentre.it\/en\/built-environment-data\/","og_site_name":"Fondazione Eucentre | European Centre For Training And Research in Earthquake Engineering | Pavia, Italy","article_publisher":"https:\/\/www.facebook.com\/FondazioneEucentre","article_modified_time":"2025-07-25T09:32:48+00:00","twitter_card":"summary_large_image","twitter_site":"@eucentre","twitter_misc":{"Est. reading time":"2 minutes"},"schema":{"@context":"https:\/\/schema.org","@graph":[{"@type":"WebPage","@id":"https:\/\/www.eucentre.it\/en\/built-environment-data\/","url":"https:\/\/www.eucentre.it\/en\/built-environment-data\/","name":"Built Environment Data | Eucentre","isPartOf":{"@id":"https:\/\/www.eucentre.it\/#website"},"datePublished":"2025-07-07T16:05:01+00:00","dateModified":"2025-07-25T09:32:48+00:00","description":"BED is a digital platform designed for collecting, organising and analysing structured data on Italy's buildings.","breadcrumb":{"@id":"https:\/\/www.eucentre.it\/en\/built-environment-data\/#breadcrumb"},"inLanguage":"en-US","potentialAction":[{"@type":"ReadAction","target":["https:\/\/www.eucentre.it\/en\/built-environment-data\/"]}]},{"@type":"BreadcrumbList","@id":"https:\/\/www.eucentre.it\/en\/built-environment-data\/#breadcrumb","itemListElement":[{"@type":"ListItem","position":1,"name":"Home","item":"https:\/\/www.eucentre.it\/en\/"},{"@type":"ListItem","position":2,"name":"Built Environment Data"}]},{"@type":"WebSite","@id":"https:\/\/www.eucentre.it\/#website","url":"https:\/\/www.eucentre.it\/","name":"Fondazione Eucentre | European Centre For Training And Research in Earthquake Engineering | Pavia, Italy","description":"Fondazione di diritto privato senza scopo di lucro che persegue una missione di ricerca, formazione e erogazione di servizi nel settore dell\u2019ingegneria sismica","publisher":{"@id":"https:\/\/www.eucentre.it\/#organization"},"alternateName":"Fondazione Eucentre","potentialAction":[{"@type":"SearchAction","target":{"@type":"EntryPoint","urlTemplate":"https:\/\/www.eucentre.it\/?s={search_term_string}"},"query-input":{"@type":"PropertyValueSpecification","valueRequired":true,"valueName":"search_term_string"}}],"inLanguage":"en-US"},{"@type":"Organization","@id":"https:\/\/www.eucentre.it\/#organization","name":"Fondazione Eucentre | European Centre For Training And Research in Earthquake Engineering | Pavia, Italy","alternateName":"Fondazione Eucentre","url":"https:\/\/www.eucentre.it\/","logo":{"@type":"ImageObject","inLanguage":"en-US","@id":"https:\/\/www.eucentre.it\/#\/schema\/logo\/image\/","url":"https:\/\/www.eucentre.it\/wp-content\/uploads\/2024\/10\/Logo-Eucentre-Cube_Def.jpg","contentUrl":"https:\/\/www.eucentre.it\/wp-content\/uploads\/2024\/10\/Logo-Eucentre-Cube_Def.jpg","width":646,"height":681,"caption":"Fondazione Eucentre | European Centre For Training And Research in Earthquake Engineering | Pavia, Italy"},"image":{"@id":"https:\/\/www.eucentre.it\/#\/schema\/logo\/image\/"},"sameAs":["https:\/\/www.facebook.com\/FondazioneEucentre","https:\/\/x.com\/eucentre","https:\/\/www.linkedin.com\/company\/eucentre\/?viewAsMember=true","https:\/\/www.instagram.com\/fondazioneeucentre\/"]}]}},"publishpress_future_workflow_manual_trigger":{"enabledWorkflows":[]},"_links":{"self":[{"href":"https:\/\/www.eucentre.it\/en\/wp-json\/wp\/v2\/pages\/38728","targetHints":{"allow":["GET"]}}],"collection":[{"href":"https:\/\/www.eucentre.it\/en\/wp-json\/wp\/v2\/pages"}],"about":[{"href":"https:\/\/www.eucentre.it\/en\/wp-json\/wp\/v2\/types\/page"}],"author":[{"embeddable":true,"href":"https:\/\/www.eucentre.it\/en\/wp-json\/wp\/v2\/users\/21"}],"replies":[{"embeddable":true,"href":"https:\/\/www.eucentre.it\/en\/wp-json\/wp\/v2\/comments?post=38728"}],"version-history":[{"count":5,"href":"https:\/\/www.eucentre.it\/en\/wp-json\/wp\/v2\/pages\/38728\/revisions"}],"predecessor-version":[{"id":41129,"href":"https:\/\/www.eucentre.it\/en\/wp-json\/wp\/v2\/pages\/38728\/revisions\/41129"}],"wp:attachment":[{"href":"https:\/\/www.eucentre.it\/en\/wp-json\/wp\/v2\/media?parent=38728"}],"curies":[{"name":"wp","href":"https:\/\/api.w.org\/{rel}","templated":true}]}}